{"id":993,"date":"2018-06-13T11:16:57","date_gmt":"2018-06-13T09:16:57","guid":{"rendered":"https:\/\/www.curfs.com\/wie-zijn-wij\/"},"modified":"2025-04-10T10:42:11","modified_gmt":"2025-04-10T08:42:11","slug":"qui-sommes-nous","status":"publish","type":"page","link":"https:\/\/www.curfs.com\/fr\/qui-sommes-nous\/","title":{"rendered":"Qui sommes-nous ?"},"content":{"rendered":"<p>Curfs Logistics est l&rsquo;extension logistique de votre entreprise. Nous sommes toujours au rendez-vous avec des solutions vraiment efficaces. Qu&rsquo;il s&rsquo;agisse d&rsquo;un petit job de transport ou de la reprise de l&rsquo;ensemble de votre processus de distribution : nous vous aidons \u00e0 avancer.<\/p>\n<p>En tant qu&rsquo;entreprise, nous sommes toujours en mouvement. Au sens propre, mais aussi au sens figur\u00e9. Nous observons de pr\u00e8s les d\u00e9veloppements sur le march\u00e9 et les besoins qui changent. Nous anticipons et nous avons une longueur d\u2019avance, ce qui vous permet de devancer la concurrence. Nous continuons nos investissements : dans notre mat\u00e9riel mais surtout dans nos collaborateurs. Car leur engagement, leur implication et leur souci du d\u00e9tail font la diff\u00e9rence pour vous.<\/p>\n<h3>Une entreprise familiale novatrice de confiance<\/h3>\n<p>Nous sommes fiers que nos clients continuent de nous choisir avec une ferme conviction. Cela prouve que notre approche novatrice et soucieuse du client fonctionne. Avec des accords clairs et des lignes courtes. Chez nous, chaque client re\u00e7oit une \u00e9quipe d\u00e9di\u00e9e qui conna\u00eet les tenants et les aboutissants. Ainsi, un expert est toujours joignable et vous pouvez compter sur le meilleur service possible.<\/p>\n<p><iframe loading=\"lazy\" title=\"Bedrijfsfilm CURFS LOGISTICS 2024 FR\" width=\"500\" height=\"281\" src=\"https:\/\/www.youtube.com\/embed\/4HEbtTRsjVQ?feature=oembed&#038;enablejsapi=1&#038;origin=https:\/\/www.curfs.com\" frameborder=\"0\" allow=\"accelerometer; autoplay; clipboard-write; encrypted-media; gyroscope; picture-in-picture; web-share\" referrerpolicy=\"strict-origin-when-cross-origin\" allowfullscreen><\/iframe><\/p>\n<h3>Une entreprise avec une histoire, un partenaire logistique pour l&rsquo;avenir<\/h3>\n<p>L&rsquo;entreprise familiale Curfs Logistics a d\u00e9marr\u00e9 en 1961. Pendant les premi\u00e8res ann\u00e9es, nous transportions principalement des fruits et du lait, mais <span class=\"VIiyi\" lang=\"fr\"><span class=\"JLqJ4b ChMk0b\" data-language-for-alternatives=\"fr\" data-language-to-translate-into=\"nl\" data-phrase-index=\"0\" data-number-of-phrases=\"1\"><span class=\"Q4iAWc\">maintenant<\/span><\/span><\/span> les choses sont bien diff\u00e9rentes. Nous nous sommes d\u00e9velopp\u00e9s pour devenir un prestataire de tous les services logistiques. Avec une combinaison de <a href=\"https:\/\/www.curfs.com\/fr\/diensten-archive\/transport\/\">transport<\/a>, de distribution physique, de <a href=\"https:\/\/www.curfs.com\/fr\/diensten-archive\/warehousing\/\">warehousing<\/a> et de <a href=\"https:\/\/www.curfs.com\/fr\/diensten-archive\/value-added-logistics\/\">Value Added Logistics<\/a>, nous pouvons proposer un package complet de services logistiques, et nous nous occupons de tout pour vous. Nous l&rsquo;appelons <a href=\"https:\/\/www.curfs.com\/fr\/diensten-archive\/curfs-all-in-one\/\">Curfs All-in-One<\/a><u>.<\/u><\/p>\n<p>&nbsp;<\/p>\n<blockquote><p><span style=\"color: #3c51b1;\"><em>\u201cNous accordons nos services de distribution enti\u00e8rement \u00e0 vos besoins. Ensemble avec vous, nous construisons une plateforme parfaitement int\u00e9gr\u00e9e de services de transport, d&rsquo;entreposage et de services \u00e0 valeur ajout\u00e9e. Vous \u00e9conomisez ainsi du temps, des co\u00fbts et des soucis de distribution. Travailler ensemble, r\u00e9ussir ensemble !\u201d<\/em><\/span><\/p><\/blockquote>\n","protected":false},"excerpt":{"rendered":"<p>Curfs Logistics est l&rsquo;extension logistique de votre entreprise. Nous sommes toujours au rendez-vous avec des solutions vraiment efficaces. Qu&rsquo;il s&rsquo;agisse d&rsquo;un petit job de transport ou de la reprise de l&rsquo;ensemble de votre processus de distribution : nous vous aidons \u00e0 avancer. En tant qu&rsquo;entreprise, nous sommes toujours en mouvement. Au sens propre, mais aussi [&hellip;]<\/p>\n","protected":false},"author":4,"featured_media":0,"parent":0,"menu_order":0,"comment_status":"closed","ping_status":"closed","template":"","meta":{"_acf_changed":false,"om_disable_all_campaigns":false,"_uf_show_specific_survey":0,"_uf_disable_surveys":false,"footnotes":""},"acf":[],"aioseo_notices":[],"_links":{"self":[{"href":"https:\/\/www.curfs.com\/fr\/wp-json\/wp\/v2\/pages\/993"}],"collection":[{"href":"https:\/\/www.curfs.com\/fr\/wp-json\/wp\/v2\/pages"}],"about":[{"href":"https:\/\/www.curfs.com\/fr\/wp-json\/wp\/v2\/types\/page"}],"author":[{"embeddable":true,"href":"https:\/\/www.curfs.com\/fr\/wp-json\/wp\/v2\/users\/4"}],"replies":[{"embeddable":true,"href":"https:\/\/www.curfs.com\/fr\/wp-json\/wp\/v2\/comments?post=993"}],"version-history":[{"count":14,"href":"https:\/\/www.curfs.com\/fr\/wp-json\/wp\/v2\/pages\/993\/revisions"}],"predecessor-version":[{"id":3577,"href":"https:\/\/www.curfs.com\/fr\/wp-json\/wp\/v2\/pages\/993\/revisions\/3577"}],"wp:attachment":[{"href":"https:\/\/www.curfs.com\/fr\/wp-json\/wp\/v2\/media?parent=993"}],"curies":[{"name":"wp","href":"https:\/\/api.w.org\/{rel}","templated":true}]}}