{"id":2302,"date":"2020-04-01T11:26:04","date_gmt":"2020-04-01T09:26:04","guid":{"rendered":"https:\/\/www.curfs.com\/?page_id=2302"},"modified":"2022-05-26T14:11:07","modified_gmt":"2022-05-26T12:11:07","slug":"future-proof","status":"publish","type":"page","link":"https:\/\/www.curfs.com\/fr\/future-proof\/","title":{"rendered":"\u00c0 l&rsquo;\u00e9preuve du temps"},"content":{"rendered":"<p><strong>Une logistique de haute qualit\u00e9 va de pair avec l&rsquo;innovation technologique et une transition r\u00e9ussie et durable. La soci\u00e9t\u00e9 change rapidement, ainsi sont \u00e9tablies de nouvelles exigences pour la gestion de nos services. L&rsquo;entrepreneuriat durable consiste donc surtout \u00e0 se concentrer sur l&rsquo;avenir, tout en portant l&rsquo;attention sur les hommes, la plan\u00e8te et le profit !<\/strong><\/p>\n<p><strong>Car Curfs aspire \u00e0 produire un impact positif sur l&rsquo;humain et la plan\u00e8te. L&rsquo;attention accord\u00e9e \u00e0 l&rsquo;entrepreneuriat durable est un processus continuel, durant lequel nous n&rsquo;esquivons pas les nouveaux d\u00e9fis. De l&rsquo;utilisation de panneaux solaires sur nos entrep\u00f4ts \u00e0 l&rsquo;introduction de longs poids lourds pour r\u00e9duire l&rsquo;\u00e9mission de Co2 !<\/strong><\/p>\n<p><strong>ISO14001<br \/>\n<\/strong>Un syst\u00e8me de gestion environnementale fait partie du syst\u00e8me de gestion habituel et se concentre particuli\u00e8rement sur le contr\u00f4le et l&rsquo;optimalisation des prestations en mati\u00e8re d&rsquo;environnement.\u00a0Le standard international pour les syst\u00e8mes de gestion environnementale est ISO14001.\u00a0<span lang=\"FR\">Avec l\u2019obtention de la certification\u00a0ISO14001, nous d\u00e9montrons que Curfs Logistics et Curfs Warehouse investissent autant que possible dans la gestion et la pr\u00e9vention des risques environnementaux.<\/span><\/p>\n<p><span lang=\"FR\">Travaillons ensemble pour pr\u00e9server l\u2019environnement ainsi que l\u2019avenir de notre plan\u00e8te !<\/span><\/p>\n<p><strong>Moins d&rsquo;\u00e9mission de CO2, plus de volume<br \/>\n<\/strong>Afin de soulager l&rsquo;environnement, Curfs va aussi introduire les longs poids lourds (LPL). La demande d&rsquo;autorisation est en cours. Gr\u00e2ce \u00e0 l&rsquo;introduction de LPL, il est possible de transporter plus de volume, avec la m\u00eame \u00e9mission de CO2. Chaque LPL contribue largement \u00e0 la r\u00e9duction de l&rsquo;\u00e9mission de CO2, des particules fines et de l&rsquo;azote.<\/p>\n<p><strong>Bornes de chargement \u00e9lectriques<br \/>\n<\/strong>L&rsquo;avenir r\u00e9side dans les v\u00e9hicules \u00e9lectriques. Nous avons plac\u00e9 comme service pour nos employ\u00e9s et visiteurs une borne de chargement \u00e9lectrique devant notre immeuble commercial. Ainsi, les personnes avec un v\u00e9hicule \u00e9lectrique peuvent le recharger avant leur d\u00e9part.<\/p>\n<p><strong>\u00c9lectricit\u00e9 verte<br \/>\n<\/strong>Environ 2600 panneaux solaires recouvrent les toits des entrep\u00f4ts de Curfs. Cela nous permet de produire non seulement notre propre \u00e9lectricit\u00e9, mais aussi de l&rsquo;\u00e9lectricit\u00e9 pour d&rsquo;autres m\u00e9nages. Les panneaux solaires ont \u00e9t\u00e9 mont\u00e9s dans les directions est et ouest. Cet emplacement garantit un maximum d&rsquo;heures d&rsquo;ensoleillement, et ainsi plus d&rsquo;\u00e9lectricit\u00e9.<\/p>\n<div><\/div>\n<p>Dans notre hall de r\u00e9ception, on peut voir exactement combien les panneaux solaires produisent.<\/p>\n<p><strong>GNL<\/strong><br \/>\nGNL signifie \u00ab gaz naturel liqu\u00e9fi\u00e9 \u00bb, ou gaz naturel liqu\u00e9fi\u00e9. Le GNL est le combustible fossile le plus propre et les camions GNL \u00e9mettent beaucoup moins de CO2. De plus, ils sont plus silencieux que les camions diesel. En 2021, nous avons ajout\u00e9 le premier camion GNL \u00e0 notre flotte.<\/p>\n<p>Avec cela, Curfs contribue concr\u00e8tement \u00e0 rendre le transport routier plus durable.<\/p>\n<p>&nbsp;<\/p>\n","protected":false},"excerpt":{"rendered":"<p>Une logistique de haute qualit\u00e9 va de pair avec l&rsquo;innovation technologique et une transition r\u00e9ussie et durable. La soci\u00e9t\u00e9 change rapidement, ainsi sont \u00e9tablies de nouvelles exigences pour la gestion de nos services. L&rsquo;entrepreneuriat durable consiste donc surtout \u00e0 se concentrer sur l&rsquo;avenir, tout en portant l&rsquo;attention sur les hommes, la plan\u00e8te et le profit [&hellip;]<\/p>\n","protected":false},"author":4,"featured_media":0,"parent":0,"menu_order":0,"comment_status":"closed","ping_status":"closed","template":"","meta":{"_acf_changed":false,"om_disable_all_campaigns":false,"_uf_show_specific_survey":0,"_uf_disable_surveys":false,"footnotes":""},"acf":[],"aioseo_notices":[],"_links":{"self":[{"href":"https:\/\/www.curfs.com\/fr\/wp-json\/wp\/v2\/pages\/2302"}],"collection":[{"href":"https:\/\/www.curfs.com\/fr\/wp-json\/wp\/v2\/pages"}],"about":[{"href":"https:\/\/www.curfs.com\/fr\/wp-json\/wp\/v2\/types\/page"}],"author":[{"embeddable":true,"href":"https:\/\/www.curfs.com\/fr\/wp-json\/wp\/v2\/users\/4"}],"replies":[{"embeddable":true,"href":"https:\/\/www.curfs.com\/fr\/wp-json\/wp\/v2\/comments?post=2302"}],"version-history":[{"count":12,"href":"https:\/\/www.curfs.com\/fr\/wp-json\/wp\/v2\/pages\/2302\/revisions"}],"predecessor-version":[{"id":2342,"href":"https:\/\/www.curfs.com\/fr\/wp-json\/wp\/v2\/pages\/2302\/revisions\/2342"}],"wp:attachment":[{"href":"https:\/\/www.curfs.com\/fr\/wp-json\/wp\/v2\/media?parent=2302"}],"curies":[{"name":"wp","href":"https:\/\/api.w.org\/{rel}","templated":true}]}}