{"id":950,"date":"2017-12-14T08:24:11","date_gmt":"2017-12-14T07:24:11","guid":{"rendered":"https:\/\/www.curfs.com\/disclaimer\/"},"modified":"2020-07-03T14:33:58","modified_gmt":"2020-07-03T12:33:58","slug":"disclaimer","status":"publish","type":"page","link":"https:\/\/www.curfs.com\/de\/disclaimer\/","title":{"rendered":"Disclaimer"},"content":{"rendered":"<h3>Nutzungsbedingungen<\/h3>\n<p>Wir hei\u00dfen Sie herzlich willkommen auf der Website von Curfs Logistics. F\u00fcr den Zugriff auf und die Nutzung dieser Website gelten neben den geltenden Gesetzen und Bestimmungen die folgenden Bedingungen und Bestimmungen. Mit der Nutzung dieser Website stimmen Sie diesen Bedingungen vollst\u00e4ndig zu.<\/p>\n<p>M\u00f6chten Sie mehr dar\u00fcber erfahren, wie wir mit Ihrer Privatsph\u00e4re umgehen? Sehen Sie sich dann unsere <a href=\"https:\/\/www.curfs.com\/de\/datenschutzerklaerung\/\">Datenschutzerkl\u00e4rung<\/a> an.<\/p>\n<h3>Disclaimer<\/h3>\n<p>Die Informationen auf dieser Website dienen ausschlie\u00dflich zur Information \u00fcber die Dienstleistungen von Curfs Logistics. Die ver\u00f6ffentlichten Informationen k\u00f6nnen ohne vorherige Ank\u00fcndigung jederzeit ge\u00e4ndert und\/oder zur\u00fcckgezogen werden. Wir sind bem\u00fcht, unsere Website aktuell und fehlerfrei zu halten. Leider k\u00f6nnen wir jedoch nicht garantieren, dass die ver\u00f6ffentlichten Informationen in allen F\u00e4llen korrekt sind. Sie k\u00f6nnen daher keine Rechte ableiten. Sie k\u00f6nnen uns aber behilflich sein, indem Sie uns informieren, wenn Sie unklare oder falsche Informationen finden. Eine Nachricht \u00fcber unsere <a href=\"https:\/\/www.curfs.com\/de\/kontakt\/\">Kontaktseite<\/a> ist ausreichend.<\/p>\n<h3>Urheberrecht<\/h3>\n<p>Das Urheberrecht an den auf unserer Website ver\u00f6ffentlichten Informationen liegt ausschlie\u00dflich bei Curfs Logistics, sofern nicht anders angegeben. Die \u00dcbernahme von (Teilen) des Inhalts ist nur mit schriftlicher Genehmigung der Gesch\u00e4ftsf\u00fchrung erlaubt.<\/p>\n<h3>Links zu anderen Websites<\/h3>\n<p>Unsere Website enth\u00e4lt Links zu Websites, die nicht von Curfs Logistics betrieben werden. Diese Links werden nur zu Informationszwecken hinzugef\u00fcgt. F\u00fcr den Zugang zu und die Nutzung dieser Websites Dritter k\u00f6nnen andere Bedingungen gelten. Curfs Logistics ist f\u00fcr den Inhalt dieser Seiten nicht verantwortlich; das Vorhandensein dieser Links bedeutet nicht, dass wir auch die an anderer Stelle ver\u00f6ffentlichten Informationen genehmigen. Auf Anfrage sind wir jederzeit bereit, bestehende Links zu \u00fcberdenken oder neue Links hinzuzuf\u00fcgen.<\/p>\n<h3>Haftung<\/h3>\n<p>Durch den Besuch dieser Website akzeptieren Sie, dass Curfs Logistics in keiner Weise f\u00fcr direkte, indirekte oder Folgesch\u00e4den haftbar ist.<\/p>\n<p>&nbsp;<\/p>\n","protected":false},"excerpt":{"rendered":"<p>Nutzungsbedingungen Wir hei\u00dfen Sie herzlich willkommen auf der Website von Curfs Logistics. F\u00fcr den Zugriff auf und die Nutzung dieser Website gelten neben den geltenden Gesetzen und Bestimmungen die folgenden Bedingungen und Bestimmungen. Mit der Nutzung dieser Website stimmen Sie diesen Bedingungen vollst\u00e4ndig zu. M\u00f6chten Sie mehr dar\u00fcber erfahren, wie wir mit Ihrer Privatsph\u00e4re umgehen? [&hellip;]<\/p>\n","protected":false},"author":1,"featured_media":0,"parent":0,"menu_order":0,"comment_status":"closed","ping_status":"closed","template":"","meta":{"_acf_changed":false,"om_disable_all_campaigns":false,"_uf_show_specific_survey":0,"_uf_disable_surveys":false,"footnotes":""},"acf":[],"aioseo_notices":[],"_links":{"self":[{"href":"https:\/\/www.curfs.com\/de\/wp-json\/wp\/v2\/pages\/950"}],"collection":[{"href":"https:\/\/www.curfs.com\/de\/wp-json\/wp\/v2\/pages"}],"about":[{"href":"https:\/\/www.curfs.com\/de\/wp-json\/wp\/v2\/types\/page"}],"author":[{"embeddable":true,"href":"https:\/\/www.curfs.com\/de\/wp-json\/wp\/v2\/users\/1"}],"replies":[{"embeddable":true,"href":"https:\/\/www.curfs.com\/de\/wp-json\/wp\/v2\/comments?post=950"}],"version-history":[{"count":3,"href":"https:\/\/www.curfs.com\/de\/wp-json\/wp\/v2\/pages\/950\/revisions"}],"predecessor-version":[{"id":2657,"href":"https:\/\/www.curfs.com\/de\/wp-json\/wp\/v2\/pages\/950\/revisions\/2657"}],"wp:attachment":[{"href":"https:\/\/www.curfs.com\/de\/wp-json\/wp\/v2\/media?parent=950"}],"curies":[{"name":"wp","href":"https:\/\/api.w.org\/{rel}","templated":true}]}}