{"id":947,"date":"2018-06-07T13:58:56","date_gmt":"2018-06-07T11:58:56","guid":{"rendered":"https:\/\/www.curfs.com\/privacy-statement\/"},"modified":"2018-06-21T15:15:44","modified_gmt":"2018-06-21T13:15:44","slug":"datenschutzerklaerung","status":"publish","type":"page","link":"https:\/\/www.curfs.com\/de\/datenschutzerklaerung\/","title":{"rendered":"Datenschutzerkl\u00e4rung"},"content":{"rendered":"<p>Dies ist die Datenschutzerkl\u00e4rung von Curfs Logistics B.V. (KvK 14630424) und Curfs Warehouse B.V. (KvK 58815589, Eigent\u00fcmer von <a href=\"https:\/\/www.curfs.com\/de\/\">www.curfs.com<\/a>. Beide Unternehmen befinden sich am Gronsvelderweg 1 in Gronsveld, in den Niederlanden.<\/p>\n<h3>Privatsph\u00e4re und personenbezogene Daten<\/h3>\n<p>Curfs betrachtet Ihre Privatsph\u00e4re als wichtig und sammelt und verarbeitet keine personenbezogenen Daten, es sei denn, Sie haben uns diese selbst zur Verf\u00fcgung gestellt. Sie k\u00f6nnen die Website daher anonym besuchen. Wir verwenden nur Informationen, die ausdr\u00fccklich und freiwillig von Personen gegeben werden, die unsere Website besuchen. Wir bem\u00fchen uns, Ihre Privatsph\u00e4re so gut wie m\u00f6glich zu respektieren und zu sch\u00fctzen. In dieser Datenschutzerkl\u00e4rung m\u00f6chten wir erkl\u00e4ren, welche Daten wir sammeln und warum.<\/p>\n<p>Haben Sie Fragen zu dieser Datenschutzerkl\u00e4rung? Dann k\u00f6nnen Sie jederzeit <a href=\"https:\/\/www.curfs.com\/de\/kontakt\/\">Kontakt<\/a> mit uns aufnehmen.<\/p>\n<h3>Cookie Richtlinien<\/h3>\n<p>Zun\u00e4chst verwenden wir Google Analytics, um zu verfolgen, wie Besucher diese Website nutzen. Hierf\u00fcr werden Cookies verwendet. Die erhaltenen Informationen, einschlie\u00dflich der Adresse Ihres Computers (IP-Adresse), werden an Google auf Servern in den USA \u00fcbertragen und dort gespeichert.<\/p>\n<p>Google verwendet diese Informationen, um zu verfolgen, wie unsere Website genutzt wird, um Berichte \u00fcber die Website an uns zu \u00fcbermitteln und um den Inserenten Informationen \u00fcber die Effektivit\u00e4t ihrer Kampagnen zu liefern. Die Informationen sind so gut wie m\u00f6glich anonymisiert: Ihre IP-Adresse wird nicht verwendet und es ist nicht m\u00f6glich Informationen auf jemanden pers\u00f6nlich zur\u00fcckzuf\u00fchren.<\/p>\n<p>Google kann diese Informationen gegebenenfalls an Dritte weitergeben, sofern Google dazu gesetzlich verpflichtet ist oder soweit diese die Informationen im Auftrag von Google verarbeiten. Curfs hat hierauf leider keinen Einfluss.<\/p>\n<p>Wir empfehlen Ihnen daher, regelm\u00e4\u00dfig die Datenschutzerkl\u00e4rung von Google zu lesen. Klicken Sie\u00a0<a href=\"https:\/\/www.google.nl\/intl\/nl_nl\/policies\/privacy\/\" target=\"_blank\" rel=\"noopener\">hier<\/a>\u00a0um die Datenschutzerkl\u00e4rung von Google zu lesen.<\/p>\n<p>M\u00f6chten Sie Cookies deaktivieren oder l\u00f6schen? Das k\u00f6nnen sie \u00fcber Ihre Browsereinstellungen tun. Verwenden Sie bei Bedarf die Hilfefunktion Ihres Browsers, um herauszufinden, wie Sie dies tun k\u00f6nnen. Denken Sie daran, dass Sie, wenn Sie einen anderen Computer oder ein anderes Mobilger\u00e4t verwenden, auch dort Ihre Browsereinstellungen anpassen m\u00fcssen.<\/p>\n<h3>Kontaktieren Sie Curfs \u00fcber diese Website<\/h3>\n<p>\u00dcber diese Website k\u00f6nnen Sie Curfs kontaktieren, um uns zum Beispiel eine Frage zu stellen oder ein Angebot anzufordern. Selbstverst\u00e4ndlich behandeln wir die Daten, die Sie uns zur Verf\u00fcgung stellen, streng vertraulich und mit gr\u00f6\u00dfter Sorgfalt. Wir speichern Ihre Daten nicht l\u00e4nger als n\u00f6tig, um Ihre Anfrage zu bearbeiten. Wenn Sie beispielsweise ein Angebot anfordern, speichern wir Ihren Namen und Ihre Kontaktdaten in unseren Systemen, damit wir Ihnen schnell helfen k\u00f6nnen. Sie haben jederzeit das Recht, diese Daten l\u00f6schen zu lassen.<\/p>\n<h3>Anzeigen, \u00e4ndern oder l\u00f6schen Ihrer Daten<\/h3>\n<p>M\u00f6chten Sie Ihre pers\u00f6nlichen Daten einsehen, \u00e4ndern oder l\u00f6schen? Das ist jederzeit m\u00f6glich. Nehmen Sie dazu <a href=\"https:\/\/www.curfs.com\/de\/kontakt\/\" target=\"_blank\" rel=\"noopener\">Kontakt<\/a> mit uns auf. Wir speichern Ihre Daten sorgf\u00e4ltig und nicht l\u00e4nger als n\u00f6tig, um Ihnen gute Dienste leisten zu k\u00f6nnen. Sie haben jederzeit das Recht, eine Beschwerde bei der Autoriteit Persoonsgegevens (niederl\u00e4ndische Datenschutzbeh\u00f6rde) einzureichen.<\/p>\n<p>Auch wenn Sie der Verwendung Ihres Namens und\/oder Fotos auf dieser Website widersprechen m\u00f6chten, k\u00f6nnen Sie uns dies jederzeit melden. Sie k\u00f6nnen sich sicher sein, dass die relevanten Daten oder Bilder so schnell wie m\u00f6glich ge\u00e4ndert oder gel\u00f6scht werden.<\/p>\n<h3>Schutz<\/h3>\n<p>Wir finden den Schutz Ihrer Privatsph\u00e4re sehr wichtig. Unsere Anwendungen und Systeme sind daher gem\u00e4\u00df den Anforderungen der geltenden Gesetze und Vorschriften gesch\u00fctzt. Wir werden die von Ihnen zur Verf\u00fcgung gestellten Daten selbstverst\u00e4ndlich vertraulich behandeln und niemals ver\u00f6ffentlichen. Curfs gibt Ihre Daten ohne Ihre ausdr\u00fcckliche vorherige Zustimmung nicht an Dritte weiter, es sei denn, wir sind dazu aufgrund des Gesetzes oder einer gerichtlichen Entscheidung verpflichtet.<\/p>\n<h3>\u00c4nderungen dieser Datenschutzerkl\u00e4rung<\/h3>\n<p>Curfs beh\u00e4lt sich das Recht vor, diese Datenschutzerkl\u00e4rung zu \u00e4ndern. Wir empfehlen Ihnen daher, diese Seite regelm\u00e4\u00dfig zu konsultieren, damit Sie immer auf die neueste Version aufmerksam werden. Diese Datenschutzerkl\u00e4rung wurde zuletzt im Mai 2018 ge\u00e4ndert.<\/p>\n<p>&nbsp;<\/p>\n","protected":false},"excerpt":{"rendered":"<p>Dies ist die Datenschutzerkl\u00e4rung von Curfs Logistics B.V. (KvK 14630424) und Curfs Warehouse B.V. (KvK 58815589, Eigent\u00fcmer von www.curfs.com. Beide Unternehmen befinden sich am Gronsvelderweg 1 in Gronsveld, in den Niederlanden. Privatsph\u00e4re und personenbezogene Daten Curfs betrachtet Ihre Privatsph\u00e4re als wichtig und sammelt und verarbeitet keine personenbezogenen Daten, es sei denn, Sie haben uns diese [&hellip;]<\/p>\n","protected":false},"author":1,"featured_media":0,"parent":0,"menu_order":0,"comment_status":"closed","ping_status":"closed","template":"","meta":{"_acf_changed":false,"om_disable_all_campaigns":false,"_uf_show_specific_survey":0,"_uf_disable_surveys":false,"footnotes":""},"acf":[],"aioseo_notices":[],"_links":{"self":[{"href":"https:\/\/www.curfs.com\/de\/wp-json\/wp\/v2\/pages\/947"}],"collection":[{"href":"https:\/\/www.curfs.com\/de\/wp-json\/wp\/v2\/pages"}],"about":[{"href":"https:\/\/www.curfs.com\/de\/wp-json\/wp\/v2\/types\/page"}],"author":[{"embeddable":true,"href":"https:\/\/www.curfs.com\/de\/wp-json\/wp\/v2\/users\/1"}],"replies":[{"embeddable":true,"href":"https:\/\/www.curfs.com\/de\/wp-json\/wp\/v2\/comments?post=947"}],"version-history":[{"count":3,"href":"https:\/\/www.curfs.com\/de\/wp-json\/wp\/v2\/pages\/947\/revisions"}],"predecessor-version":[{"id":948,"href":"https:\/\/www.curfs.com\/de\/wp-json\/wp\/v2\/pages\/947\/revisions\/948"}],"wp:attachment":[{"href":"https:\/\/www.curfs.com\/de\/wp-json\/wp\/v2\/media?parent=947"}],"curies":[{"name":"wp","href":"https:\/\/api.w.org\/{rel}","templated":true}]}}