{"id":923,"date":"2018-06-13T11:16:57","date_gmt":"2018-06-13T09:16:57","guid":{"rendered":"https:\/\/www.curfs.com\/wie-zijn-wij\/"},"modified":"2025-04-10T10:43:25","modified_gmt":"2025-04-10T08:43:25","slug":"ueber-uns","status":"publish","type":"page","link":"https:\/\/www.curfs.com\/de\/ueber-uns\/","title":{"rendered":"\u00dcber uns"},"content":{"rendered":"<p>Curfs Logistics ist die logistische Erweiterung Ihres Unternehmens. Wir stehen jederzeit mit L\u00f6sungen, die funktionieren, parat. Ob es sich nun um einen kleinen Transportauftrag oder die \u00dcbernahme des gesamten Distributionsprozesses handelt: Wir helfen Ihnen weiter.<\/p>\n<p>Als Unternehmen sind wir st\u00e4ndig in Bewegung. W\u00f6rtlich, aber sicher auch im \u00fcbertragenen Sinne. Wir beobachten die Marktentwicklungen und sich ver\u00e4ndernden Bed\u00fcrfnisse ganz genau. Wir denken und sind immer einen Schritt weiter, damit Sie Ihrer Konkurrenz voraus sind. Wir investieren weiter: in unser Material und vor allem auch in unsere Mitarbeiter. Weil ihr Einsatz, ihr Engagement und ihr Blick f\u00fcr das Detail den Unterschied f\u00fcr Sie ausmachen.<\/p>\n<h3>Erprobtes und innovatives Familienunternehmen<\/h3>\n<p>Wir sind stolz darauf, dass unsere Kunden sich immer wieder voller \u00dcberzeugung f\u00fcr uns entscheiden. Das zeigt, dass unser kundenorientierter und innovativer Ansatz funktioniert. Mit klaren Absprachen und kurzen Wegen. Jeder Kunde erh\u00e4lt bei uns ein engagiertes Team, das alle In&#8217;s und Out&#8217;s kennt. Dadurch steht Ihnen immer ein Experte zur Verf\u00fcgung und Sie k\u00f6nnen sich immer auf den besten Service verlassen.<\/p>\n<div>\n<p><iframe loading=\"lazy\" title=\"Bedrijfsfilm CURFS LOGISTICS 2024 DU\" width=\"500\" height=\"281\" src=\"https:\/\/www.youtube.com\/embed\/eeAHWNasSIk?feature=oembed&#038;enablejsapi=1&#038;origin=https:\/\/www.curfs.com\" frameborder=\"0\" allow=\"accelerometer; autoplay; clipboard-write; encrypted-media; gyroscope; picture-in-picture; web-share\" referrerpolicy=\"strict-origin-when-cross-origin\" allowfullscreen><\/iframe><\/p>\n<\/div>\n<h3>Ein Unternehmen mit Geschichte, ein Logistik-Partner mit Zukunft.<\/h3>\n<p>Das Familienunternehmen Curfs Logistics begann im Jahre 1961. W\u00e4hrend wir in den ersten Jahren haupts\u00e4chlich Obst und Milch transportierten, ist das heute doch anders. Wir haben uns zu einem Full-Service-Logistikdienstleister entwickelt. Mit einer Kombination aus <a href=\"https:\/\/www.curfs.com\/diensten-archive\/transport\/\">Transport<\/a>, physischer Distribution, <a href=\"https:\/\/www.curfs.com\/diensten-archive\/warehousing\/\">Warehousing<\/a> und <a href=\"https:\/\/www.curfs.com\/diensten-archive\/value-added-logistics\/\">Value Added Logistik<\/a> k\u00f6nnen wir ein Komplettpaket an Logistik Dienstleistungen anbieten, wobei wir Ihnen alles abnehmen. Das nennen wir <a href=\"https:\/\/www.curfs.com\/diensten-archive\/curfs-all-in-one\/\">Curfs All-in-One<\/a>.<\/p>\n<blockquote><p><em><span style=\"color: #3c51b1;\">\u201cWir passen unsere Distributionsdienstleistungen ganz Ihren Bed\u00fcrfnissen an. Gemeinsam mit Ihnen bauen wir eine nahtlos integrierte Plattform f\u00fcr Transport, Warehousing und Value Added Services. Dadurch ersparen Sie sich Zeit, Kosten und Vertriebsprobleme. Zusammen arbeiten, gemeinsam erfolgreich.\u201d<\/span><\/em><\/p><\/blockquote>\n","protected":false},"excerpt":{"rendered":"<p>Curfs Logistics ist die logistische Erweiterung Ihres Unternehmens. Wir stehen jederzeit mit L\u00f6sungen, die funktionieren, parat. Ob es sich nun um einen kleinen Transportauftrag oder die \u00dcbernahme des gesamten Distributionsprozesses handelt: Wir helfen Ihnen weiter. Als Unternehmen sind wir st\u00e4ndig in Bewegung. W\u00f6rtlich, aber sicher auch im \u00fcbertragenen Sinne. Wir beobachten die Marktentwicklungen und sich [&hellip;]<\/p>\n","protected":false},"author":4,"featured_media":0,"parent":0,"menu_order":0,"comment_status":"closed","ping_status":"closed","template":"","meta":{"_acf_changed":false,"om_disable_all_campaigns":false,"_uf_show_specific_survey":0,"_uf_disable_surveys":false,"footnotes":""},"acf":[],"aioseo_notices":[],"_links":{"self":[{"href":"https:\/\/www.curfs.com\/de\/wp-json\/wp\/v2\/pages\/923"}],"collection":[{"href":"https:\/\/www.curfs.com\/de\/wp-json\/wp\/v2\/pages"}],"about":[{"href":"https:\/\/www.curfs.com\/de\/wp-json\/wp\/v2\/types\/page"}],"author":[{"embeddable":true,"href":"https:\/\/www.curfs.com\/de\/wp-json\/wp\/v2\/users\/4"}],"replies":[{"embeddable":true,"href":"https:\/\/www.curfs.com\/de\/wp-json\/wp\/v2\/comments?post=923"}],"version-history":[{"count":10,"href":"https:\/\/www.curfs.com\/de\/wp-json\/wp\/v2\/pages\/923\/revisions"}],"predecessor-version":[{"id":3579,"href":"https:\/\/www.curfs.com\/de\/wp-json\/wp\/v2\/pages\/923\/revisions\/3579"}],"wp:attachment":[{"href":"https:\/\/www.curfs.com\/de\/wp-json\/wp\/v2\/media?parent=923"}],"curies":[{"name":"wp","href":"https:\/\/api.w.org\/{rel}","templated":true}]}}